{"id":6735,"date":"2021-12-15T13:52:09","date_gmt":"2021-12-15T12:52:09","guid":{"rendered":"https:\/\/groupevirtualtech.fr\/cedres\/?page_id=6735"},"modified":"2024-06-28T12:21:43","modified_gmt":"2024-06-28T10:21:43","slug":"carte","status":"publish","type":"page","link":"https:\/\/groupevirtualtech.fr\/cedres\/carte\/","title":{"rendered":"CARTE"},"content":{"rendered":"<p>[vc_row css=\u00a0\u00bb.vc_custom_1718025818997{padding-top: 40px !important;padding-bottom: 40px !important;background-color: #eaeaea !important;background-position: center !important;background-repeat: no-repeat !important;background-size: cover !important;}\u00a0\u00bb][vc_column][vc_row_inner el_class=\u00a0\u00bbmarges-cotes\u00a0\u00bb][vc_column_inner css=\u00a0\u00bb.vc_custom_1639046684119{padding-left: 25px !important;}\u00a0\u00bb][\/vc_column_inner][\/vc_row_inner][\/vc_column][\/vc_row][vc_row layout=\u00a0\u00bbboxed\u00a0\u00bb css=\u00a0\u00bb.vc_custom_1639570547821{margin-right: 0px !important;margin-left: 0px !important;padding-top: 0px !important;}\u00a0\u00bb el_class=\u00a0\u00bbmarges-cotes\u00a0\u00bb][vc_column width=\u00a0\u00bb1\/12&Prime; css=\u00a0\u00bb.vc_custom_1639564619807{padding-right: 20px !important;padding-left: 20px !important;}\u00a0\u00bb][vc_empty_space][\/vc_column][vc_column width=\u00a0\u00bb5\/6&Prime;][vc_empty_space el_class=\u00a0\u00bbhidden-xs\u00a0\u00bb][vc_row_inner][vc_column_inner][vc_column_text]<\/p>\n<h4 style=\"text-align: center;\">ENTR\u00c8ES<\/h4>\n<p style=\"text-align: center;\">L\u2019assiette de \u00ab\u00a0mise en bouche proven\u00e7ale\u00a0\u00bb<\/p>\n<p style=\"text-align: center;\">(Tapenade, compot\u00e9e d\u2019oignons et de tomates avec toasts \u00e0 l\u2019huile d\u2019olive)<\/p>\n<p style=\"text-align: center;\">7,00\u20ac<\/p>\n<div id=\"description\">\n<p style=\"text-align: center;\"><strong>Les grosses assiettes froides :<\/strong><\/p>\n<p style=\"text-align: center;\">Salade ch\u00e8vre chaud (croustille de ch\u00e8vre, tomates et tapenade&#8230;)\u00a0 \u00a015.00 \u20ac<\/p>\n<p style=\"text-align: center;\">Salade\u00a0\u00a0 truite fum\u00e9 et melon (haricots vert, tomates).\u00a0 16.00 \u20ac<\/p>\n<p style=\"text-align: center;\">Tomates mozzarella di bufflala\u00a0 \u00a0 14.00 \u20ac<\/p>\n<p style=\"text-align: center;\">Salade ni\u00e7oise (haricots vert tomates thon \u0153ufs)\u00a0 \u00a016.00 \u20ac<\/p>\n<p style=\"text-align: center;\"><strong>Les entr\u00e9es\u00a0 :<\/strong><\/p>\n<p style=\"text-align: center;\">Tataki de thon et salade de quinoa\u00a0 \u00a016.00 \u20ac<br \/>\nCr\u00e8me renvers\u00e9e au basilic au caramel de tomate\u00a0 14.00 \u20ac<br \/>\nNoix de st jaques r\u00f4ties, vierge \u00e0 la truffe 20.00 \u20ac<br \/>\nMarbr\u00e9 de foie gras au magret de canard chutney poire\u00a0 19.00 \u20ac<\/p>\n<h4 style=\"text-align: center;\">VIANDES<\/h4>\n<div id=\"description\">\n<p style=\"text-align: center;\">Jambonnette de volaille farcie citron confit, jus \u00e0 la citronnelle\u00a0 21.00 \u20ac<br \/>\nC\u00f4te de veau en panure de noisette de veau jus cors\u00e9 romarin\u00a0 26.00 \u20ac<br \/>\nPi\u00e8ce du boucher 24.00 \u20ac<br \/>\nAssiette barbecue\u00a0:<br \/>\n(C\u00f4te d\u2019agneau porc marin\u00e9e merguez et saucisse)\u00a0 24.00 \u20ac<\/p>\n<h4 style=\"text-align: center;\">POISSONS<\/h4>\n<div id=\"description\">\n<p style=\"text-align: center;\">Pav\u00e9 de dorade en panure de mozzarella\u00a0 22.00 \u20ac<br \/>\nPav\u00e9 d\u2019espadon sauce curcuma citron vert 25.00 \u20ac<\/p>\n<h4 style=\"text-align: center;\">FROMAGES<\/h4>\n<div id=\"description\">\n<p style=\"text-align: center;\">Petit ch\u00e8vre marin\u00e9 \u00e0 l\u2019huile\u00a0 6.00 \u20ac<br \/>\nAssiette de fromages 8.00 \u20ac<br \/>\nFaisselle aux fruits frais et coulis de fruits rouges 6.00 \u20ac<\/p>\n<h4 style=\"text-align: center;\">DESSERTS<\/h4>\n<div id=\"description\">\n<p style=\"text-align: center;\">Verrine de mousse chocolat blanc, coco et mangue 8.00\u20ac<br \/>\nParfait glac\u00e9 pina colada et carpaccio ananas\u00a0 \u00a08.00 \u20ac<br \/>\nFruits r\u00f4tis de saison et sa glace amande\u00a0 8.00 \u20ac<br \/>\nMillefeuille citron, mousse chocolat 8.00 \u20ac<br \/>\nCoupe de glace 3 boules\u00a0 6,50 \u20ac<br \/>\nDessert du jour\u00a0 8.00 \u20ac<\/p>\n<\/div>\n<\/div>\n<\/div>\n<\/div>\n<\/div>\n<p>[\/vc_column_text][\/vc_column_inner][\/vc_row_inner][vc_row_inner css=\u00a0\u00bb.vc_custom_1635171073613{margin-top: 20px !important;margin-right: 20px !important;margin-bottom: 20px !important;margin-left: 20px !important;padding-top: 10px !important;padding-right: 10px !important;padding-bottom: 10px !important;padding-left: 10px !important;}\u00a0\u00bb][vc_column_inner css=\u00a0\u00bb.vc_custom_1638966946111{margin-left: 0px !important;padding-left: 0px !important;}\u00a0\u00bb][vc_btn title=\u00a0\u00bbRETOUR\u00a0\u00bb style=\u00a0\u00bbflat\u00a0\u00bb shape=\u00a0\u00bbsquare\u00a0\u00bb align=\u00a0\u00bbcenter\u00a0\u00bb css=\u00a0\u00bb.vc_custom_1639570658612{margin-left: 0px !important;padding-left: 0px !important;}\u00a0\u00bb link=\u00a0\u00bburl:https%3A%2F%2Fgroupevirtualtech.fr%2Fcedres%2Fcarte-et-menus%2F|title:CARTE%20ET%20MENUS\u00a0\u00bb][vc_empty_space el_class=\u00a0\u00bbhidden-xs\u00a0\u00bb][\/vc_column_inner][\/vc_row_inner][\/vc_column][vc_column width=\u00a0\u00bb1\/12&Prime;][vc_empty_space][\/vc_column][\/vc_row][vc_row layout=\u00a0\u00bbboxed\u00a0\u00bb css=\u00a0\u00bb.vc_custom_1638969689647{margin-top: -30px !important;padding-top: 10px !important;padding-bottom: 10px !important;}\u00a0\u00bb][vc_column css=\u00a0\u00bb.vc_custom_1632840075904{padding-top: 30px !important;padding-bottom: 30px !important;}\u00a0\u00bb][vc_row_inner layout=\u00a0\u00bbboxed\u00a0\u00bb][vc_column_inner][vc_empty_space][vc_text_separator title=\u00a0\u00bb***\u00a0\u00bb color=\u00a0\u00bbcustom\u00a0\u00bb accent_color=\u00a0\u00bb#8c8c8c\u00a0\u00bb][vc_empty_space height=\u00a0\u00bb42px\u00a0\u00bb][vc_column_text]<\/p>\n<h3 style=\"text-align: center;\">QUELQUES PHOTOS<\/h3>\n<p>[\/vc_column_text][\/vc_column_inner][\/vc_row_inner][\/vc_column][\/vc_row][vc_row css=\u00a0\u00bb.vc_custom_1639407631531{margin-top: -30px !important;padding-top: 10px !important;padding-bottom: 10px !important;background-color: #f7f7f7 !important;}\u00a0\u00bb][vc_column css=\u00a0\u00bb.vc_custom_1632840075904{padding-top: 30px !important;padding-bottom: 30px !important;}\u00a0\u00bb][vc_row_inner el_class=\u00a0\u00bbmarges-cotes\u00a0\u00bb][vc_column_inner][vc_empty_space][vc_masonry_media_grid element_width=\u00a0\u00bb3&Prime; grid_id=\u00a0\u00bbvc_gid:1719565975144-fd066db9-7e02-5&Prime; include=\u00a0\u00bb6527,6641,6642,6643&Prime;][\/vc_column_inner][\/vc_row_inner][\/vc_column][\/vc_row][vc_row css=\u00a0\u00bb.vc_custom_1639043623334{background-color: #f7f7f7 !important;}\u00a0\u00bb][vc_column][vc_empty_space height=\u00a0\u00bb52px\u00a0\u00bb][\/vc_column][\/vc_row]<\/p>\n","protected":false},"excerpt":{"rendered":"<p>[vc_row css=\u00a0\u00bb.vc_custom_1718025818997{padding-top: 40px !important;padding-bottom: 40px !important;background-color: #eaeaea !important;background-position: center !important;background-repeat: no-repeat !important;background-size: cover !important;}\u00a0\u00bb][vc_column][vc_row_inner el_class=\u00a0\u00bbmarges-cotes\u00a0\u00bb][vc_column_inner css=\u00a0\u00bb.vc_custom_1639046684119{padding-left: 25px !important;}\u00a0\u00bb][\/vc_column_inner][\/vc_row_inner][\/vc_column][\/vc_row][vc_row layout=\u00a0\u00bbboxed\u00a0\u00bb css=\u00a0\u00bb.vc_custom_1639570547821{margin-right: 0px !important;margin-left: 0px !important;padding-top: 0px !important;}\u00a0\u00bb el_class=\u00a0\u00bbmarges-cotes\u00a0\u00bb][vc_column width=\u00a0\u00bb1\/12&Prime; css=\u00a0\u00bb.vc_custom_1639564619807{padding-right: 20px !important;padding-left: 20px !important;}\u00a0\u00bb][vc_empty_space][\/vc_column][vc_column width=\u00a0\u00bb5\/6&Prime;][vc_empty_space el_class=\u00a0\u00bbhidden-xs\u00a0\u00bb][vc_row_inner][vc_column_inner][vc_column_text] ENTR\u00c8ES L\u2019assiette de \u00ab\u00a0mise en bouche proven\u00e7ale\u00a0\u00bb (Tapenade, compot\u00e9e d\u2019oignons et de tomates avec toasts \u00e0 l\u2019huile d\u2019olive) 7,00\u20ac Les [&hellip;]<\/p>\n","protected":false},"author":1,"featured_media":0,"parent":0,"menu_order":0,"comment_status":"closed","ping_status":"closed","template":"","meta":{"footnotes":""},"class_list":["post-6735","page","type-page","status-publish","hentry"],"_links":{"self":[{"href":"https:\/\/groupevirtualtech.fr\/cedres\/wp-json\/wp\/v2\/pages\/6735","targetHints":{"allow":["GET"]}}],"collection":[{"href":"https:\/\/groupevirtualtech.fr\/cedres\/wp-json\/wp\/v2\/pages"}],"about":[{"href":"https:\/\/groupevirtualtech.fr\/cedres\/wp-json\/wp\/v2\/types\/page"}],"author":[{"embeddable":true,"href":"https:\/\/groupevirtualtech.fr\/cedres\/wp-json\/wp\/v2\/users\/1"}],"replies":[{"embeddable":true,"href":"https:\/\/groupevirtualtech.fr\/cedres\/wp-json\/wp\/v2\/comments?post=6735"}],"version-history":[{"count":6,"href":"https:\/\/groupevirtualtech.fr\/cedres\/wp-json\/wp\/v2\/pages\/6735\/revisions"}],"predecessor-version":[{"id":6839,"href":"https:\/\/groupevirtualtech.fr\/cedres\/wp-json\/wp\/v2\/pages\/6735\/revisions\/6839"}],"wp:attachment":[{"href":"https:\/\/groupevirtualtech.fr\/cedres\/wp-json\/wp\/v2\/media?parent=6735"}],"curies":[{"name":"wp","href":"https:\/\/api.w.org\/{rel}","templated":true}]}}