{"id":6714,"date":"2021-12-15T13:16:41","date_gmt":"2021-12-15T12:16:41","guid":{"rendered":"https:\/\/groupevirtualtech.fr\/cedres\/?page_id=6714"},"modified":"2024-06-28T12:08:26","modified_gmt":"2024-06-28T10:08:26","slug":"menu-terroir","status":"publish","type":"page","link":"https:\/\/groupevirtualtech.fr\/cedres\/menu-terroir\/","title":{"rendered":"MENU TERROIR"},"content":{"rendered":"<p>[vc_row css=\u00a0\u00bb.vc_custom_1718025628970{padding-top: 40px !important;padding-bottom: 40px !important;background-color: #eaeaea !important;background-position: center !important;background-repeat: no-repeat !important;background-size: cover !important;}\u00a0\u00bb][vc_column][vc_row_inner el_class=\u00a0\u00bbmarges-cotes\u00a0\u00bb][vc_column_inner css=\u00a0\u00bb.vc_custom_1639046684119{padding-left: 25px !important;}\u00a0\u00bb][\/vc_column_inner][\/vc_row_inner][\/vc_column][\/vc_row][vc_row layout=\u00a0\u00bbboxed\u00a0\u00bb css=\u00a0\u00bb.vc_custom_1639570547821{margin-right: 0px !important;margin-left: 0px !important;padding-top: 0px !important;}\u00a0\u00bb el_class=\u00a0\u00bbmarges-cotes\u00a0\u00bb][vc_column width=\u00a0\u00bb1\/12&Prime; css=\u00a0\u00bb.vc_custom_1639564619807{padding-right: 20px !important;padding-left: 20px !important;}\u00a0\u00bb][vc_empty_space][\/vc_column][vc_column width=\u00a0\u00bb5\/6&Prime;][vc_empty_space el_class=\u00a0\u00bbhidden-xs\u00a0\u00bb][vc_row_inner][vc_column_inner][vc_column_text]<\/p>\n<h4 style=\"text-align: center;\"><strong>Menu du Terroir 36 Euros<\/strong><\/h4>\n<p style=\"text-align: center;\">Tataki de thon et salade de quinoa<\/p>\n<p style=\"text-align: center;\">O\u00f9<\/p>\n<p style=\"text-align: center;\"><strong><em>Entr\u00e9e du jour<\/em><\/strong><\/p>\n<p style=\"text-align: center;\">O\u00f9<\/p>\n<p style=\"text-align: center;\">Cr\u00e8me renvers\u00e9e au basilic caramel de tomates<\/p>\n<p style=\"text-align: center;\">Pav\u00e9 de dorade en panure de mozzarella<\/p>\n<p style=\"text-align: center;\">O\u00f9<\/p>\n<p style=\"text-align: center;\"><strong><em>Plat du jour<\/em><\/strong><\/p>\n<p style=\"text-align: center;\">O\u00f9<\/p>\n<p style=\"text-align: center;\">Jambonnette de volaille farcie au citron confit jus \u00e0 la citronnelle<\/p>\n<p style=\"text-align: center;\">Verrine de mousse chocolat blanc, coco et mangue<\/p>\n<p style=\"text-align: center;\">O\u00f9<\/p>\n<p style=\"text-align: center;\"><strong><em>Dessert du jour<\/em><\/strong><\/p>\n<p style=\"text-align: center;\">O\u00f9<\/p>\n<p style=\"text-align: center;\">Faisselle aux fruits frais et coulis de fruits rouges<\/p>\n<p style=\"text-align: center;\">Taxes et service compris<br \/>\nLes desserts sont \u00e0 choisir \u00e0 la prise de commande merci de votre compr\u00e9hension<\/p>\n<p>[\/vc_column_text][\/vc_column_inner][\/vc_row_inner][vc_row_inner css=\u00a0\u00bb.vc_custom_1635171073613{margin-top: 20px !important;margin-right: 20px !important;margin-bottom: 20px !important;margin-left: 20px !important;padding-top: 10px !important;padding-right: 10px !important;padding-bottom: 10px !important;padding-left: 10px !important;}\u00a0\u00bb][vc_column_inner css=\u00a0\u00bb.vc_custom_1638966946111{margin-left: 0px !important;padding-left: 0px !important;}\u00a0\u00bb][vc_btn title=\u00a0\u00bbRETOUR\u00a0\u00bb style=\u00a0\u00bbflat\u00a0\u00bb shape=\u00a0\u00bbsquare\u00a0\u00bb align=\u00a0\u00bbcenter\u00a0\u00bb css=\u00a0\u00bb.vc_custom_1639570658612{margin-left: 0px !important;padding-left: 0px !important;}\u00a0\u00bb link=\u00a0\u00bburl:https%3A%2F%2Fgroupevirtualtech.fr%2Fcedres%2Fcarte-et-menus%2F|title:CARTE%20ET%20MENUS\u00a0\u00bb][vc_empty_space el_class=\u00a0\u00bbhidden-xs\u00a0\u00bb][\/vc_column_inner][\/vc_row_inner][\/vc_column][vc_column width=\u00a0\u00bb1\/12&Prime;][vc_empty_space][\/vc_column][\/vc_row][vc_row layout=\u00a0\u00bbboxed\u00a0\u00bb css=\u00a0\u00bb.vc_custom_1638969689647{margin-top: -30px !important;padding-top: 10px !important;padding-bottom: 10px !important;}\u00a0\u00bb][vc_column css=\u00a0\u00bb.vc_custom_1632840075904{padding-top: 30px !important;padding-bottom: 30px !important;}\u00a0\u00bb][vc_row_inner layout=\u00a0\u00bbboxed\u00a0\u00bb][vc_column_inner][vc_empty_space][vc_text_separator title=\u00a0\u00bb***\u00a0\u00bb color=\u00a0\u00bbcustom\u00a0\u00bb accent_color=\u00a0\u00bb#8c8c8c\u00a0\u00bb][vc_empty_space height=\u00a0\u00bb42px\u00a0\u00bb][vc_column_text]<\/p>\n<h3 style=\"text-align: center;\">QUELQUES PHOTOS<\/h3>\n<p>[\/vc_column_text][\/vc_column_inner][\/vc_row_inner][\/vc_column][\/vc_row][vc_row css=\u00a0\u00bb.vc_custom_1639407631531{margin-top: -30px !important;padding-top: 10px !important;padding-bottom: 10px !important;background-color: #f7f7f7 !important;}\u00a0\u00bb][vc_column css=\u00a0\u00bb.vc_custom_1632840075904{padding-top: 30px !important;padding-bottom: 30px !important;}\u00a0\u00bb][vc_row_inner el_class=\u00a0\u00bbmarges-cotes\u00a0\u00bb][vc_column_inner][vc_empty_space][vc_masonry_media_grid element_width=\u00a0\u00bb3&Prime; grid_id=\u00a0\u00bbvc_gid:1719565645615-1448746f-ad2f-4&Prime; include=\u00a0\u00bb6527,6641,6642,6643&Prime;][\/vc_column_inner][\/vc_row_inner][\/vc_column][\/vc_row][vc_row css=\u00a0\u00bb.vc_custom_1639043623334{background-color: #f7f7f7 !important;}\u00a0\u00bb][vc_column][vc_empty_space height=\u00a0\u00bb52px\u00a0\u00bb][\/vc_column][\/vc_row]<\/p>\n","protected":false},"excerpt":{"rendered":"<p>[vc_row css=\u00a0\u00bb.vc_custom_1718025628970{padding-top: 40px !important;padding-bottom: 40px !important;background-color: #eaeaea !important;background-position: center !important;background-repeat: no-repeat !important;background-size: cover !important;}\u00a0\u00bb][vc_column][vc_row_inner el_class=\u00a0\u00bbmarges-cotes\u00a0\u00bb][vc_column_inner css=\u00a0\u00bb.vc_custom_1639046684119{padding-left: 25px !important;}\u00a0\u00bb][\/vc_column_inner][\/vc_row_inner][\/vc_column][\/vc_row][vc_row layout=\u00a0\u00bbboxed\u00a0\u00bb css=\u00a0\u00bb.vc_custom_1639570547821{margin-right: 0px !important;margin-left: 0px !important;padding-top: 0px !important;}\u00a0\u00bb el_class=\u00a0\u00bbmarges-cotes\u00a0\u00bb][vc_column width=\u00a0\u00bb1\/12&Prime; css=\u00a0\u00bb.vc_custom_1639564619807{padding-right: 20px !important;padding-left: 20px !important;}\u00a0\u00bb][vc_empty_space][\/vc_column][vc_column width=\u00a0\u00bb5\/6&Prime;][vc_empty_space el_class=\u00a0\u00bbhidden-xs\u00a0\u00bb][vc_row_inner][vc_column_inner][vc_column_text] Menu du Terroir 36 Euros Tataki de thon et salade de quinoa O\u00f9 Entr\u00e9e du jour O\u00f9 Cr\u00e8me renvers\u00e9e au [&hellip;]<\/p>\n","protected":false},"author":1,"featured_media":0,"parent":0,"menu_order":0,"comment_status":"closed","ping_status":"closed","template":"","meta":{"footnotes":""},"class_list":["post-6714","page","type-page","status-publish","hentry"],"_links":{"self":[{"href":"https:\/\/groupevirtualtech.fr\/cedres\/wp-json\/wp\/v2\/pages\/6714","targetHints":{"allow":["GET"]}}],"collection":[{"href":"https:\/\/groupevirtualtech.fr\/cedres\/wp-json\/wp\/v2\/pages"}],"about":[{"href":"https:\/\/groupevirtualtech.fr\/cedres\/wp-json\/wp\/v2\/types\/page"}],"author":[{"embeddable":true,"href":"https:\/\/groupevirtualtech.fr\/cedres\/wp-json\/wp\/v2\/users\/1"}],"replies":[{"embeddable":true,"href":"https:\/\/groupevirtualtech.fr\/cedres\/wp-json\/wp\/v2\/comments?post=6714"}],"version-history":[{"count":7,"href":"https:\/\/groupevirtualtech.fr\/cedres\/wp-json\/wp\/v2\/pages\/6714\/revisions"}],"predecessor-version":[{"id":6837,"href":"https:\/\/groupevirtualtech.fr\/cedres\/wp-json\/wp\/v2\/pages\/6714\/revisions\/6837"}],"wp:attachment":[{"href":"https:\/\/groupevirtualtech.fr\/cedres\/wp-json\/wp\/v2\/media?parent=6714"}],"curies":[{"name":"wp","href":"https:\/\/api.w.org\/{rel}","templated":true}]}}