{"id":6664,"date":"2021-12-14T17:00:54","date_gmt":"2021-12-14T16:00:54","guid":{"rendered":"https:\/\/groupevirtualtech.fr\/cedres\/?page_id=6664"},"modified":"2024-06-10T15:34:15","modified_gmt":"2024-06-10T13:34:15","slug":"aux-alentours","status":"publish","type":"page","link":"https:\/\/groupevirtualtech.fr\/cedres\/aux-alentours\/","title":{"rendered":"AUX ALENTOURS"},"content":{"rendered":"<p>[vc_row css=\u00a0\u00bb.vc_custom_1639487803031{padding-top: 40px !important;padding-bottom: 40px !important;background: #eaeaea url(https:\/\/groupevirtualtech.fr\/cedres\/wp-content\/uploads\/2021\/12\/hotel-header.jpg?id=6582) !important;background-position: center !important;background-repeat: no-repeat !important;background-size: cover !important;}\u00a0\u00bb][vc_column][vc_row_inner el_class=\u00a0\u00bbmarges-cotes\u00a0\u00bb][vc_column_inner css=\u00a0\u00bb.vc_custom_1639046684119{padding-left: 25px !important;}\u00a0\u00bb][vc_column_text]<\/p>\n<h1>AUX ALENTOURS<\/h1>\n<p>[\/vc_column_text][\/vc_column_inner][\/vc_row_inner][\/vc_column][\/vc_row][vc_row css=\u00a0\u00bb.vc_custom_1639480263875{margin-right: 0px !important;margin-left: 0px !important;padding-top: 0px !important;}\u00a0\u00bb el_class=\u00a0\u00bbmarges-cotes menus\u00a0\u00bb][vc_column width=\u00a0\u00bb1\/2&Prime; css=\u00a0\u00bb.vc_custom_1639042243020{margin-top: 0px !important;margin-bottom: 0px !important;padding-top: 0px !important;padding-bottom: 0px !important;background-position: center !important;background-repeat: no-repeat !important;background-size: cover !important;}\u00a0\u00bb][vc_row_inner css=\u00a0\u00bb.vc_custom_1639042819264{margin-top: 0px !important;margin-bottom: 0px !important;padding-top: 0px !important;padding-bottom: 0px !important;background-position: center !important;background-repeat: no-repeat !important;background-size: cover !important;}\u00a0\u00bb][vc_column_inner css=\u00a0\u00bb.vc_custom_1639557182437{padding-top: 440px !important;background-image: url(https:\/\/groupevirtualtech.fr\/cedres\/wp-content\/uploads\/2021\/12\/aux-alentours.jpg?id=6667) !important;background-position: center !important;background-repeat: no-repeat !important;background-size: cover !important;}\u00a0\u00bb][vc_empty_space height=\u00a0\u00bb52px\u00a0\u00bb][\/vc_column_inner][\/vc_row_inner][\/vc_column][vc_column width=\u00a0\u00bb1\/2&Prime; el_class=\u00a0\u00bbbg_co\u00a0\u00bb css=\u00a0\u00bb.vc_custom_1639480145939{padding-left: 25px !important;}\u00a0\u00bb][vc_row_inner][vc_column_inner][vc_empty_space height=\u00a0\u00bb52px\u00a0\u00bb][vc_column_text el_class=\u00a0\u00bbpad-p\u00a0\u00bb css=\u00a0\u00bb.vc_custom_1718026452759{padding-right: 15px !important;padding-left: 15px !important;}\u00a0\u00bb]<\/p>\n<h2 style=\"text-align: left;\"><span style=\"color: #000000;\">VISITEZ LES ALENTOURS<\/span><\/h2>\n<p><strong>D\u00e9couvrez \u00e0 pied le Vieux Village des Angles et parcourez le sentier des peintres ainsi que celui des plantes.<\/strong><\/p>\n<p>Avignon la \u00ab\u00a0papale\u00a0\u00bb et Villeneuve la \u00ab\u00a0royale\u00a0\u00bb vous r\u00e9serverons le meilleur accueil. Vos d\u00e9sirs de d\u00e9couvertes architecturales, culturelles, historiques, gastronomiques seront combl\u00e9s. *** La Provence vous ouvre son coeur et vous livre ses plus beaux paysages \u00e0 moins d&rsquo;une demi-heure ou une heure de route.<\/p>\n<p>De nombreux moyens de transports collectifs ou individuels vous sont propos\u00e9s si vous ne venez pas avec votre voiture personnelle.<\/p>\n<p><strong>Location de v\u00e9hicules ou de v\u00e9los ou motocyclettes, voyage sur la journ\u00e9e en minibus ou en car avec guide.<\/strong><\/p>\n<p><strong>Les taxis de Villeneuve vous proposent leur service pour des excursions sur mesure, sans souci et \u00e0 des prix tr\u00e8s attractifs.<\/strong>[\/vc_column_text][vc_empty_space height=\u00a0\u00bb22px\u00a0\u00bb][\/vc_column_inner][\/vc_row_inner][\/vc_column][\/vc_row][vc_row layout=\u00a0\u00bbboxed\u00a0\u00bb css=\u00a0\u00bb.vc_custom_1638969689647{margin-top: -30px !important;padding-top: 10px !important;padding-bottom: 10px !important;}\u00a0\u00bb][vc_column css=\u00a0\u00bb.vc_custom_1632840075904{padding-top: 30px !important;padding-bottom: 30px !important;}\u00a0\u00bb][vc_row_inner layout=\u00a0\u00bbboxed\u00a0\u00bb][vc_column_inner][vc_empty_space][vc_text_separator title=\u00a0\u00bb***\u00a0\u00bb color=\u00a0\u00bbcustom\u00a0\u00bb accent_color=\u00a0\u00bb#8c8c8c\u00a0\u00bb][vc_empty_space height=\u00a0\u00bb42px\u00a0\u00bb][vc_column_text]<\/p>\n<h3 style=\"text-align: center;\">QUELQUES PHOTOS<\/h3>\n<p>[\/vc_column_text][\/vc_column_inner][\/vc_row_inner][\/vc_column][\/vc_row][vc_row css=\u00a0\u00bb.vc_custom_1639407631531{margin-top: -30px !important;padding-top: 10px !important;padding-bottom: 10px !important;background-color: #f7f7f7 !important;}\u00a0\u00bb][vc_column css=\u00a0\u00bb.vc_custom_1632840075904{padding-top: 30px !important;padding-bottom: 30px !important;}\u00a0\u00bb][vc_row_inner el_class=\u00a0\u00bbmarges-cotes\u00a0\u00bb][vc_column_inner][vc_empty_space][vc_masonry_media_grid element_width=\u00a0\u00bb3&Prime; grid_id=\u00a0\u00bbvc_gid:1718026417671-baa7ae2e-8baa-2&Prime; include=\u00a0\u00bb6669,6670,6671,6672,6673,6674,6675,6676&Prime;][\/vc_column_inner][\/vc_row_inner][\/vc_column][\/vc_row][vc_row css=\u00a0\u00bb.vc_custom_1639043623334{background-color: #f7f7f7 !important;}\u00a0\u00bb][vc_column][vc_empty_space height=\u00a0\u00bb52px\u00a0\u00bb][\/vc_column][\/vc_row]<\/p>\n","protected":false},"excerpt":{"rendered":"<p>[vc_row css=\u00a0\u00bb.vc_custom_1639487803031{padding-top: 40px !important;padding-bottom: 40px !important;background: #eaeaea url(https:\/\/groupevirtualtech.fr\/cedres\/wp-content\/uploads\/2021\/12\/hotel-header.jpg?id=6582) !important;background-position: center !important;background-repeat: no-repeat !important;background-size: cover !important;}\u00a0\u00bb][vc_column][vc_row_inner el_class=\u00a0\u00bbmarges-cotes\u00a0\u00bb][vc_column_inner css=\u00a0\u00bb.vc_custom_1639046684119{padding-left: 25px !important;}\u00a0\u00bb][vc_column_text] AUX ALENTOURS [\/vc_column_text][\/vc_column_inner][\/vc_row_inner][\/vc_column][\/vc_row][vc_row css=\u00a0\u00bb.vc_custom_1639480263875{margin-right: 0px !important;margin-left: 0px !important;padding-top: 0px !important;}\u00a0\u00bb el_class=\u00a0\u00bbmarges-cotes menus\u00a0\u00bb][vc_column width=\u00a0\u00bb1\/2&Prime; css=\u00a0\u00bb.vc_custom_1639042243020{margin-top: 0px !important;margin-bottom: 0px !important;padding-top: 0px !important;padding-bottom: 0px !important;background-position: center !important;background-repeat: no-repeat !important;background-size: cover !important;}\u00a0\u00bb][vc_row_inner css=\u00a0\u00bb.vc_custom_1639042819264{margin-top: 0px !important;margin-bottom: 0px !important;padding-top: 0px !important;padding-bottom: 0px [&hellip;]<\/p>\n","protected":false},"author":1,"featured_media":0,"parent":0,"menu_order":0,"comment_status":"closed","ping_status":"closed","template":"","meta":{"footnotes":""},"class_list":["post-6664","page","type-page","status-publish","hentry"],"_links":{"self":[{"href":"https:\/\/groupevirtualtech.fr\/cedres\/wp-json\/wp\/v2\/pages\/6664","targetHints":{"allow":["GET"]}}],"collection":[{"href":"https:\/\/groupevirtualtech.fr\/cedres\/wp-json\/wp\/v2\/pages"}],"about":[{"href":"https:\/\/groupevirtualtech.fr\/cedres\/wp-json\/wp\/v2\/types\/page"}],"author":[{"embeddable":true,"href":"https:\/\/groupevirtualtech.fr\/cedres\/wp-json\/wp\/v2\/users\/1"}],"replies":[{"embeddable":true,"href":"https:\/\/groupevirtualtech.fr\/cedres\/wp-json\/wp\/v2\/comments?post=6664"}],"version-history":[{"count":6,"href":"https:\/\/groupevirtualtech.fr\/cedres\/wp-json\/wp\/v2\/pages\/6664\/revisions"}],"predecessor-version":[{"id":6812,"href":"https:\/\/groupevirtualtech.fr\/cedres\/wp-json\/wp\/v2\/pages\/6664\/revisions\/6812"}],"wp:attachment":[{"href":"https:\/\/groupevirtualtech.fr\/cedres\/wp-json\/wp\/v2\/media?parent=6664"}],"curies":[{"name":"wp","href":"https:\/\/api.w.org\/{rel}","templated":true}]}}