{"id":6602,"date":"2021-12-14T15:15:53","date_gmt":"2021-12-14T14:15:53","guid":{"rendered":"https:\/\/groupevirtualtech.fr\/cedres\/?page_id=6602"},"modified":"2024-06-10T17:17:23","modified_gmt":"2024-06-10T15:17:23","slug":"chambre-pmr","status":"publish","type":"page","link":"https:\/\/groupevirtualtech.fr\/cedres\/chambre-pmr\/","title":{"rendered":"CHAMBRE PMR"},"content":{"rendered":"<p>[vc_row css=\u00a0\u00bb.vc_custom_1639487803031{padding-top: 40px !important;padding-bottom: 40px !important;background: #eaeaea url(https:\/\/groupevirtualtech.fr\/cedres\/wp-content\/uploads\/2021\/12\/hotel-header.jpg?id=6582) !important;background-position: center !important;background-repeat: no-repeat !important;background-size: cover !important;}\u00a0\u00bb][vc_column][vc_row_inner el_class=\u00a0\u00bbmarges-cotes\u00a0\u00bb][vc_column_inner css=\u00a0\u00bb.vc_custom_1639046684119{padding-left: 25px !important;}\u00a0\u00bb][vc_column_text]<\/p>\n<h1>CHAMBRE PMR<\/h1>\n<p>[\/vc_column_text][\/vc_column_inner][\/vc_row_inner][\/vc_column][\/vc_row][vc_row css=\u00a0\u00bb.vc_custom_1639484890543{margin-right: 0px !important;margin-left: 0px !important;padding-top: 0px !important;background-color: #f7f7f7 !important;}\u00a0\u00bb el_class=\u00a0\u00bbmarges-cotes\u00a0\u00bb][vc_column width=\u00a0\u00bb1\/2&Prime; css=\u00a0\u00bb.vc_custom_1639492498736{padding-right: 20px !important;padding-left: 20px !important;}\u00a0\u00bb][vc_empty_space height=\u00a0\u00bb52px\u00a0\u00bb][vc_column_text el_class=\u00a0\u00bbpad-p\u00a0\u00bb css=\u00a0\u00bb.vc_custom_1718025104052{padding-left: 35px !important;}\u00a0\u00bb]<\/p>\n<h3 style=\"text-align: left;\"><strong>1 Chambre accessible aux personnes \u00e0 mobilit\u00e9 r\u00e9duite.<\/strong><\/h3>\n<p>1 Chambre accessible aux personnes \u00e0 mobilit\u00e9 r\u00e9duite.<\/p>\n<p>&#8211; Chambre avec TV, Wifi et minibar.<br \/>\n&#8211; Piscine chauf\u00e9e \u00e0 mi-saison,<br \/>\n&#8211; Parc,<br \/>\n&#8211; Parking ferm\u00e9 gratuit,<\/p>\n<p>Tarif : 125 \u20ac<\/p>\n<p><strong>Le restaurant est accessible aux PMR<\/strong>[\/vc_column_text][vc_empty_space el_class=\u00a0\u00bbhidden-xs\u00a0\u00bb][vc_single_image image=\u00a0\u00bb6576&Prime; img_size=\u00a0\u00bbfull\u00a0\u00bb alignment=\u00a0\u00bbcenter\u00a0\u00bb][\/vc_column][vc_column width=\u00a0\u00bb1\/2&Prime; css=\u00a0\u00bb.vc_custom_1639042721844{margin-top: 0px !important;margin-bottom: 0px !important;padding-top: 0px !important;padding-bottom: 0px !important;padding-left: 0px !important;background-position: center !important;background-repeat: no-repeat !important;background-size: cover !important;}\u00a0\u00bb][vc_row_inner css=\u00a0\u00bb.vc_custom_1639489653074{margin-top: 0px !important;margin-bottom: 0px !important;padding-top: 0px !important;padding-bottom: 0px !important;background-position: center !important;background-repeat: no-repeat !important;background-size: cover !important;}\u00a0\u00bb el_class=\u00a0\u00bbhidden-xs\u00a0\u00bb][vc_column_inner css=\u00a0\u00bb.vc_custom_1639491945456{padding-top: 500px !important;background-image: url(https:\/\/groupevirtualtech.fr\/cedres\/wp-content\/uploads\/2021\/12\/CHAMBRE-PMR.jpg?id=6605) !important;background-position: center !important;background-repeat: no-repeat !important;background-size: cover !important;}\u00a0\u00bb][vc_empty_space height=\u00a0\u00bb52px\u00a0\u00bb][\/vc_column_inner][\/vc_row_inner][\/vc_column][\/vc_row][vc_row css=\u00a0\u00bb.vc_custom_1639043623334{background-color: #f7f7f7 !important;}\u00a0\u00bb][vc_column][vc_empty_space height=\u00a0\u00bb52px\u00a0\u00bb][vc_column_text]<\/p>\n<p style=\"text-align: center;\"><strong>VOUS SOUHAITEZ EFFECTUER UNE R\u00c9SERVATION ?<\/strong><\/p>\n<p style=\"text-align: center;\"><strong>VEUILLEZ CLIQUER SUR LE BOUTON R\u00c9SERVATION CI-DESSOUS<\/strong><\/p>\n<p>[\/vc_column_text][vc_empty_space height=\u00a0\u00bb10px\u00a0\u00bb][vc_column_text]<\/p>\n<p style=\"text-align: center;\"><button class=\"ReservitBookingButton\">RESERVATION<\/button><\/p>\n<div class=\"iframeClose\" style=\"display: none; z-index: 999; position: fixed; top: 10px; right: 40px; color: #000; font-size: 30px; cursor: pointer; font-family: Arial;\">x<\/div>\n<p><iframe id=\"ReservitBookingIframe\" style=\"z-index: 100000; opacity: 1; border: none; width: 100%; height: 100%; position: fixed; transform: translateY(0px); background: #fff; top: 0; bottom: 0; left: 0; right: 0; transition: transform 450ms cubic-bezier(0.23, 1, 0.32, 1), opacity 450ms cubic-bezier(0.23, 1, 0.32, 1); display: none;\" src=\"https:\/\/secure.reservit.com\/fo\/booking\/233\/1038\/dates?specialMode=default&amp;mode=light&amp;langcode=FR&amp;m=booking\"><\/iframe>[\/vc_column_text][vc_empty_space height=\u00a0\u00bb52px\u00a0\u00bb][vc_column_text]<script>\n    jQuery(document).ready(function() {\n        jQuery(\".ReservitBookingButton\").click(function () {\n            if (jQuery(this).hasClass(\"iframeShow\")) {\n                jQuery(this).removeClass(\"iframeShow\");\n                jQuery(\"iframe#ReservitBookingIframe, .iframeClose\").hide(\"slow\");\n            } else {\n                jQuery(this).addClass(\"iframeShow\");\n                jQuery(\"iframe#ReservitBookingIframe, .iframeClose\").show(\"slow\");\n                jQuery(\"iframe#ReservitBookingIframe\").css(\"z-index\", \"1\");\n            }\n        });\n        jQuery(\".iframeClose\").click(function () {\n            jQuery(\".ReservitBookingButton\").removeClass(\"iframeShow\");\n            jQuery(\"iframe#ReservitBookingIframe, .iframeClose\").hide(\"slow\");\n        });\n    });\n<\/script>[\/vc_column_text][\/vc_column][\/vc_row][vc_row css=\u00a0\u00bb.vc_custom_1639492067339{margin-right: 0px !important;margin-left: 0px !important;padding-top: 0px !important;}\u00a0\u00bb el_class=\u00a0\u00bbhidden-lg hidden-md\u00a0\u00bb][vc_column css=\u00a0\u00bb.vc_custom_1639042243020{margin-top: 0px !important;margin-bottom: 0px !important;padding-top: 0px !important;padding-bottom: 0px !important;background-position: center !important;background-repeat: no-repeat !important;background-size: cover !important;}\u00a0\u00bb][vc_row_inner css=\u00a0\u00bb.vc_custom_1639042819264{margin-top: 0px !important;margin-bottom: 0px !important;padding-top: 0px !important;padding-bottom: 0px !important;background-position: center !important;background-repeat: no-repeat !important;background-size: cover !important;}\u00a0\u00bb][vc_column_inner css=\u00a0\u00bb.vc_custom_1639491604657{background-position: center !important;background-repeat: no-repeat !important;background-size: cover !important;}\u00a0\u00bb][vc_single_image image=\u00a0\u00bb6607&Prime; img_size=\u00a0\u00bbfull\u00a0\u00bb alignment=\u00a0\u00bbcenter\u00a0\u00bb][\/vc_column_inner][\/vc_row_inner][\/vc_column][\/vc_row][vc_row layout=\u00a0\u00bbboxed\u00a0\u00bb css=\u00a0\u00bb.vc_custom_1638969689647{margin-top: -30px !important;padding-top: 10px !important;padding-bottom: 10px !important;}\u00a0\u00bb][vc_column css=\u00a0\u00bb.vc_custom_1632840075904{padding-top: 30px !important;padding-bottom: 30px !important;}\u00a0\u00bb][vc_row_inner layout=\u00a0\u00bbboxed\u00a0\u00bb][vc_column_inner][vc_empty_space][vc_text_separator title=\u00a0\u00bb***\u00a0\u00bb color=\u00a0\u00bbcustom\u00a0\u00bb accent_color=\u00a0\u00bb#8c8c8c\u00a0\u00bb][vc_empty_space height=\u00a0\u00bb42px\u00a0\u00bb][vc_column_text]<\/p>\n<h3 style=\"text-align: center;\">QUELQUES PHOTOS<\/h3>\n<p>[\/vc_column_text][\/vc_column_inner][\/vc_row_inner][\/vc_column][\/vc_row][vc_row css=\u00a0\u00bb.vc_custom_1639407631531{margin-top: -30px !important;padding-top: 10px !important;padding-bottom: 10px !important;background-color: #f7f7f7 !important;}\u00a0\u00bb][vc_column css=\u00a0\u00bb.vc_custom_1632840075904{padding-top: 30px !important;padding-bottom: 30px !important;}\u00a0\u00bb][vc_row_inner el_class=\u00a0\u00bbmarges-cotes\u00a0\u00bb][vc_column_inner][vc_empty_space][vc_masonry_media_grid element_width=\u00a0\u00bb3&Prime; grid_id=\u00a0\u00bbvc_gid:1718032615745-42f3cfc7-68bd-1&Prime; include=\u00a0\u00bb6612,6613,6614,6615&Prime;][\/vc_column_inner][\/vc_row_inner][\/vc_column][\/vc_row][vc_row css=\u00a0\u00bb.vc_custom_1639043623334{background-color: #f7f7f7 !important;}\u00a0\u00bb][vc_column][vc_empty_space height=\u00a0\u00bb52px\u00a0\u00bb][\/vc_column][\/vc_row]<\/p>\n","protected":false},"excerpt":{"rendered":"<p>[vc_row css=\u00a0\u00bb.vc_custom_1639487803031{padding-top: 40px !important;padding-bottom: 40px !important;background: #eaeaea url(https:\/\/groupevirtualtech.fr\/cedres\/wp-content\/uploads\/2021\/12\/hotel-header.jpg?id=6582) !important;background-position: center !important;background-repeat: no-repeat !important;background-size: cover !important;}\u00a0\u00bb][vc_column][vc_row_inner el_class=\u00a0\u00bbmarges-cotes\u00a0\u00bb][vc_column_inner css=\u00a0\u00bb.vc_custom_1639046684119{padding-left: 25px !important;}\u00a0\u00bb][vc_column_text] CHAMBRE PMR [\/vc_column_text][\/vc_column_inner][\/vc_row_inner][\/vc_column][\/vc_row][vc_row css=\u00a0\u00bb.vc_custom_1639484890543{margin-right: 0px !important;margin-left: 0px !important;padding-top: 0px !important;background-color: #f7f7f7 !important;}\u00a0\u00bb el_class=\u00a0\u00bbmarges-cotes\u00a0\u00bb][vc_column width=\u00a0\u00bb1\/2&Prime; css=\u00a0\u00bb.vc_custom_1639492498736{padding-right: 20px !important;padding-left: 20px !important;}\u00a0\u00bb][vc_empty_space height=\u00a0\u00bb52px\u00a0\u00bb][vc_column_text el_class=\u00a0\u00bbpad-p\u00a0\u00bb css=\u00a0\u00bb.vc_custom_1718025104052{padding-left: 35px !important;}\u00a0\u00bb] 1 Chambre accessible aux personnes \u00e0 mobilit\u00e9 r\u00e9duite. 1 Chambre accessible aux [&hellip;]<\/p>\n","protected":false},"author":1,"featured_media":0,"parent":0,"menu_order":0,"comment_status":"closed","ping_status":"closed","template":"","meta":{"footnotes":""},"class_list":["post-6602","page","type-page","status-publish","hentry"],"_links":{"self":[{"href":"https:\/\/groupevirtualtech.fr\/cedres\/wp-json\/wp\/v2\/pages\/6602","targetHints":{"allow":["GET"]}}],"collection":[{"href":"https:\/\/groupevirtualtech.fr\/cedres\/wp-json\/wp\/v2\/pages"}],"about":[{"href":"https:\/\/groupevirtualtech.fr\/cedres\/wp-json\/wp\/v2\/types\/page"}],"author":[{"embeddable":true,"href":"https:\/\/groupevirtualtech.fr\/cedres\/wp-json\/wp\/v2\/users\/1"}],"replies":[{"embeddable":true,"href":"https:\/\/groupevirtualtech.fr\/cedres\/wp-json\/wp\/v2\/comments?post=6602"}],"version-history":[{"count":11,"href":"https:\/\/groupevirtualtech.fr\/cedres\/wp-json\/wp\/v2\/pages\/6602\/revisions"}],"predecessor-version":[{"id":6834,"href":"https:\/\/groupevirtualtech.fr\/cedres\/wp-json\/wp\/v2\/pages\/6602\/revisions\/6834"}],"wp:attachment":[{"href":"https:\/\/groupevirtualtech.fr\/cedres\/wp-json\/wp\/v2\/media?parent=6602"}],"curies":[{"name":"wp","href":"https:\/\/api.w.org\/{rel}","templated":true}]}}